{"id":123,"date":"2017-07-13T07:54:37","date_gmt":"2017-07-13T07:54:37","guid":{"rendered":"http:\/\/estela-carbonell.com\/index.php\/estela-carbonell-associats\/"},"modified":"2022-12-01T20:17:02","modified_gmt":"2022-12-01T18:17:02","slug":"estela-carbonell-associats","status":"publish","type":"page","link":"https:\/\/estela-carbonell.com\/es\/","title":{"rendered":"estela carbonell &#038; associats"},"content":{"rendered":"<p>[et_pb_section fb_built=\u00bb1&#8243; inner_shadow=\u00bbon\u00bb fullwidth=\u00bbon\u00bb _builder_version=\u00bb3.22&#8243; background_color=\u00bb#f7d900&#8243;][et_pb_fullwidth_header title=\u00bbDIVISI\u00d3N DE BUSINESS MENTORING Y EXECUTIVE COACHING Certified\u00bb button_one_text=\u00bbwww.estela-associats.com\u00bb button_one_url=\u00bbhttp:\/\/estela-associats.com\u00bb content_max_width=\u00bbnone\u00bb _builder_version=\u00bb3.16&#8243; background_color=\u00bbrgba(255, 255, 255, 0)\u00bb button_one_text_size__hover_enabled=\u00bboff\u00bb button_two_text_size__hover_enabled=\u00bboff\u00bb button_one_text_color__hover_enabled=\u00bboff\u00bb button_two_text_color__hover_enabled=\u00bboff\u00bb button_one_border_width__hover_enabled=\u00bboff\u00bb button_two_border_width__hover_enabled=\u00bboff\u00bb button_one_border_color__hover_enabled=\u00bboff\u00bb button_two_border_color__hover_enabled=\u00bboff\u00bb button_one_border_radius__hover_enabled=\u00bboff\u00bb button_two_border_radius__hover_enabled=\u00bboff\u00bb button_one_letter_spacing__hover_enabled=\u00bboff\u00bb button_two_letter_spacing__hover_enabled=\u00bboff\u00bb button_one_bg_color__hover_enabled=\u00bboff\u00bb button_two_bg_color__hover_enabled=\u00bboff\u00bb][\/et_pb_fullwidth_header][\/et_pb_section][et_pb_section fb_built=\u00bb1&#8243; _builder_version=\u00bb3.22&#8243;][et_pb_row _builder_version=\u00bb3.25&#8243; background_size=\u00bbinitial\u00bb background_position=\u00bbtop_left\u00bb background_repeat=\u00bbrepeat\u00bb][et_pb_column type=\u00bb4_4&#8243; _builder_version=\u00bb3.25&#8243; custom_padding=\u00bb|||\u00bb custom_padding__hover=\u00bb|||\u00bb][et_pb_text _builder_version=\u00bb3.27.4&#8243;]<\/p>\n<h1>Conoce nuestro equipo de Business Mentors y Executive Coach por especialidad:<\/h1>\n<p>[\/et_pb_text][\/et_pb_column][\/et_pb_row][et_pb_row column_structure=\u00bb1_3,1_3,1_3&#8243; _builder_version=\u00bb3.25&#8243; background_size=\u00bbinitial\u00bb background_position=\u00bbtop_left\u00bb background_repeat=\u00bbrepeat\u00bb][et_pb_column type=\u00bb1_3&#8243; _builder_version=\u00bb3.25&#8243; custom_padding=\u00bb|||\u00bb custom_padding__hover=\u00bb|||\u00bb][et_pb_image src=\u00bbhttps:\/\/estela-carbonell.com\/wp-content\/uploads\/2022\/12\/foto-montse-estela-2.png\u00bb title_text=\u00bbMontse Estela\u00bb align_tablet=\u00bbcenter\u00bb align_phone=\u00bb\u00bb align_last_edited=\u00bbon|desktop\u00bb _builder_version=\u00bb4.6.0&#8243; animation_style=\u00bbslide\u00bb animation_direction=\u00bbleft\u00bb animation_duration=\u00bb500ms\u00bb animation_intensity_slide=\u00bb10%\u00bb hover_enabled=\u00bb0&#8243; alt=\u00bbMontse Estela\u00bb sticky_enabled=\u00bb0&#8243;][\/et_pb_image][et_pb_text _builder_version=\u00bb3.27.4&#8243; border_style=\u00bbsolid\u00bb]<\/p>\n<h2>Montse Estela Carbonell<\/h2>\n<p><em>Business Mentoring<\/em><br \/>\n<em>Consejera Advisor en Consejos de Administraci\u00f3n<\/em><br \/>\nPDG (Direcci\u00f3n General) &#8211; IESE Business School<br \/>\nMIB Master of International Business, ESCI-UPF<br \/>\n<a href=\"https:\/\/es.linkedin.com\/in\/montseestela\" target=\"_blank\" rel=\"noopener noreferrer\">Ampliar perfil profesional<\/a><br \/>\n[\/et_pb_text][\/et_pb_column][et_pb_column type=\u00bb1_3&#8243; _builder_version=\u00bb3.25&#8243; custom_padding=\u00bb|||\u00bb custom_padding__hover=\u00bb|||\u00bb][et_pb_image src=\u00bbhttps:\/\/estela-carbonell.com\/wp-content\/uploads\/2017\/07\/foto-puri-martinez.jpg\u00bb align_tablet=\u00bbcenter\u00bb align_phone=\u00bb\u00bb align_last_edited=\u00bbon|desktop\u00bb _builder_version=\u00bb3.23&#8243; animation_style=\u00bbslide\u00bb animation_direction=\u00bbtop\u00bb animation_duration=\u00bb500ms\u00bb animation_intensity_slide=\u00bb10%\u00bb animation=\u00bbtop\u00bb][\/et_pb_image][et_pb_text _builder_version=\u00bb3.27.4&#8243;]<\/p>\n<h2>Puri Mart\u00ednez<\/h2>\n<p><em>Executive Coach Certified, ICF<\/em><br \/>\nCEO &amp; Founder Sensalia<br \/>\nEconomista, UB<br \/>\nMaster PNL<br \/>\n<a href=\"https:\/\/www.linkedin.com\/in\/puri-martinez-aa102814\/\" target=\"_blank\" rel=\"noopener noreferrer\">Ampliar perfil profesional<\/a><br \/>\n[\/et_pb_text][\/et_pb_column][et_pb_column type=\u00bb1_3&#8243; _builder_version=\u00bb3.25&#8243; custom_padding=\u00bb|||\u00bb custom_padding__hover=\u00bb|||\u00bb][et_pb_image src=\u00bbhttps:\/\/estela-carbonell.com\/wp-content\/uploads\/2017\/07\/foto-alicia-calvet.jpg\u00bb align_tablet=\u00bbcenter\u00bb align_phone=\u00bb\u00bb align_last_edited=\u00bbon|desktop\u00bb _builder_version=\u00bb3.23&#8243; animation_style=\u00bbslide\u00bb animation_direction=\u00bbright\u00bb animation_duration=\u00bb500ms\u00bb animation_intensity_slide=\u00bb10%\u00bb animation=\u00bbright\u00bb][\/et_pb_image][et_pb_text _builder_version=\u00bb3.27.4&#8243; border_style=\u00bbsolid\u00bb]<\/p>\n<h2>Alicia Calvet<\/h2>\n<p><em>Consejera Advisor en Consejos de Administraci\u00f3n<br \/>\n<\/em>Socia Directora Calvet Economistas<br \/>\nEconomista, UB<br \/>\nMaster Jur\u00eddico-Fiscal, UPC<\/p>\n<p><a href=\"https:\/\/www.linkedin.com\/in\/alicia-calvet-jimenez-11290812\/\" target=\"_blank\" rel=\"noopener noreferrer\">Ampliar perfil profesional<\/a><br \/>\n[\/et_pb_text][\/et_pb_column][\/et_pb_row][\/et_pb_section][et_pb_section fb_built=\u00bb1&#8243; inner_shadow=\u00bbon\u00bb _builder_version=\u00bb3.22&#8243; background_color=\u00bb#f5f5f5&#8243;][et_pb_row _builder_version=\u00bb3.25&#8243; background_size=\u00bbinitial\u00bb background_position=\u00bbtop_left\u00bb background_repeat=\u00bbrepeat\u00bb][et_pb_column type=\u00bb4_4&#8243; _builder_version=\u00bb3.25&#8243; custom_padding=\u00bb|||\u00bb custom_padding__hover=\u00bb|||\u00bb][et_pb_text _builder_version=\u00bb3.27.4&#8243; background_size=\u00bbinitial\u00bb background_position=\u00bbtop_left\u00bb background_repeat=\u00bbrepeat\u00bb text_orientation=\u00bbcenter\u00bb module_alignment=\u00bbcenter\u00bb border_style=\u00bbsolid\u00bb]<\/p>\n<h2 style=\"text-align: left;\"><strong>estela carbonell &amp; associats<\/strong><\/h2>\n<p style=\"text-align: left;\">La empresa <strong>estela carbonell &amp; associats<\/strong>, fundada por Montse Estela Carbonell, se crea en 2007 para dar respuesta a la necesidad de las empresas en la <strong>definici\u00f3n<\/strong> e <strong>implantaci\u00f3n de la Estrategia Internacional<\/strong> en su proceso de Internacionalizaci\u00f3n, as\u00ed como en el liderazgo del proyecto en su ejecuci\u00f3n, participando en la internacionalizaci\u00f3n de m\u00e1s de 100 empresas de sectores y mercados diversos.<\/p>\n<p style=\"text-align: left;\">A lo largo de estos a\u00f1os, <strong>nuestros clientes nos han ido manifestando nuevas necesidades de apoyo en su proceso de crecimiento y expansi\u00f3n<\/strong>, es por este motivo que desde hace unos a\u00f1os <strong>hemos creado la divisi\u00f3n de servicios de Mentoring Empresarial, Coaching Ejecutivo y Coaching de Equipos<\/strong>, as\u00ed como la participaci\u00f3n como <strong>Consejeros Advisors en sus Consejos de Administraci\u00f3n<\/strong>, contribuyendo en la profesionalizaci\u00f3n de su empresa, aportando experiencia multisectorial, visi\u00f3n internacional y aport\u00e1ndoles principalmente una visi\u00f3n externa independiente.<\/p>\n<p style=\"text-align: left;\">Contamos con un <strong>equipo de profesionales Senior de primer nivel<\/strong>, con contrastada experiencia empresarial internacional, a nivel ejecutivo, directivo y empresarial.<\/p>\n<p>[\/et_pb_text][\/et_pb_column][\/et_pb_row][\/et_pb_section][et_pb_section fb_built=\u00bb1&#8243; inner_shadow=\u00bbon\u00bb fullwidth=\u00bbon\u00bb _builder_version=\u00bb3.22&#8243; background_color=\u00bb#f7d900&#8243;][et_pb_fullwidth_header title=\u00bb\u00a1Encantados de acompa\u00f1arlos en su crecimiento empresarial, retos, identificaci\u00f3n de oportunidades y creaci\u00f3n de valor a su proyecto!\u00bb button_one_text=\u00bbVisitar web corporativa\u00bb button_one_url=\u00bbhttp:\/\/estela-associats.com\/es\/inicio\u00bb content_max_width=\u00bbnone\u00bb _builder_version=\u00bb3.16&#8243; background_color=\u00bbrgba(255, 255, 255, 0)\u00bb button_one_text_size__hover_enabled=\u00bboff\u00bb button_two_text_size__hover_enabled=\u00bboff\u00bb button_one_text_color__hover_enabled=\u00bboff\u00bb button_two_text_color__hover_enabled=\u00bboff\u00bb button_one_border_width__hover_enabled=\u00bboff\u00bb button_two_border_width__hover_enabled=\u00bboff\u00bb button_one_border_color__hover_enabled=\u00bboff\u00bb button_two_border_color__hover_enabled=\u00bboff\u00bb button_one_border_radius__hover_enabled=\u00bboff\u00bb button_two_border_radius__hover_enabled=\u00bboff\u00bb button_one_letter_spacing__hover_enabled=\u00bboff\u00bb button_two_letter_spacing__hover_enabled=\u00bboff\u00bb button_one_bg_color__hover_enabled=\u00bboff\u00bb button_two_bg_color__hover_enabled=\u00bboff\u00bb][\/et_pb_fullwidth_header][et_pb_fullwidth_header button_one_url=\u00bbhttp:\/\/mentoraes.com\u00bb logo_image_url=\u00bbhttps:\/\/estela-carbonell.com\/wp-content\/uploads\/2022\/12\/logo-mentoraes-web-300&#215;186.png\u00bb content_max_width=\u00bbnone\u00bb module_class=\u00bbmentoraes-web\u00bb _builder_version=\u00bb4.6.0&#8243; background_color=\u00bb#f5f5f5&#8243; background_layout=\u00bblight\u00bb custom_margin=\u00bb0px||-80px||false|false\u00bb custom_padding=\u00bb30px||0px||false|false\u00bb hover_enabled=\u00bb0&#8243; button_one_letter_spacing_hover=\u00bb0&#8243; button_two_letter_spacing_hover=\u00bb0&#8243; button_one_text_size__hover_enabled=\u00bboff\u00bb button_two_text_size__hover_enabled=\u00bboff\u00bb button_one_text_color__hover_enabled=\u00bboff\u00bb button_two_text_color__hover_enabled=\u00bboff\u00bb button_one_border_width__hover_enabled=\u00bboff\u00bb button_two_border_width__hover_enabled=\u00bboff\u00bb button_one_border_color__hover_enabled=\u00bboff\u00bb button_two_border_color__hover_enabled=\u00bboff\u00bb button_one_border_radius__hover_enabled=\u00bboff\u00bb button_two_border_radius__hover_enabled=\u00bboff\u00bb button_one_letter_spacing__hover_enabled=\u00bbon\u00bb button_one_letter_spacing__hover=\u00bb0&#8243; button_two_letter_spacing__hover_enabled=\u00bbon\u00bb button_two_letter_spacing__hover=\u00bb0&#8243; button_one_bg_color__hover_enabled=\u00bboff\u00bb button_two_bg_color__hover_enabled=\u00bboff\u00bb sticky_enabled=\u00bb0&#8243;][\/et_pb_fullwidth_header][\/et_pb_section][et_pb_section fb_built=\u00bb1&#8243; inner_shadow=\u00bbon\u00bb _builder_version=\u00bb4.6.0&#8243; background_color=\u00bb#f5f5f5&#8243; hover_enabled=\u00bb0&#8243; module_class=\u00bbmentor-txt\u00bb sticky_enabled=\u00bb0&#8243; custom_margin=\u00bb||0px||false|false\u00bb custom_padding=\u00bb||0px||false|false\u00bb][et_pb_row _builder_version=\u00bb3.25&#8243; background_size=\u00bbinitial\u00bb background_position=\u00bbtop_left\u00bb background_repeat=\u00bbrepeat\u00bb][et_pb_column type=\u00bb4_4&#8243; _builder_version=\u00bb3.25&#8243; custom_padding=\u00bb|||\u00bb custom_padding__hover=\u00bb|||\u00bb][et_pb_text _builder_version=\u00bb4.6.0&#8243; background_size=\u00bbinitial\u00bb background_position=\u00bbtop_left\u00bb background_repeat=\u00bbrepeat\u00bb text_orientation=\u00bbcenter\u00bb module_alignment=\u00bbcenter\u00bb hover_enabled=\u00bb0&#8243; border_style=\u00bbsolid\u00bb sticky_enabled=\u00bb0&#8243;]<\/p>\n<p style=\"text-align: justify;\">Si <strong>vuestra problem\u00e1tica<\/strong> como organizaci\u00f3n es la <strong>sensaci\u00f3n de falta de sentido en el trabajo, as\u00ed como una falta de comprensi\u00f3n de las motivaciones de los equipos Millenials y Z que se incorporan en la empresa<\/strong>, con la certeza que lo que <strong>parec\u00eda haber funcionado hasta la fecha ha dejado de ser v\u00e1lido, \u00a1Podemos ayudaros!<\/strong><\/p>\n<p style=\"text-align: justify;\">Os invitamos a conocer <strong>Mentoraes<\/strong>, nuestro proyecto empresarial especializado en la Implementaci\u00f3n de una Cultura de Prop\u00f3sito, formado por profesionales S\u00e9nior especializados, con una mochila de conocimientos y experiencias implementadas, los cuales podr\u00e1n acompa\u00f1aros en este cambio cultural\/organizacional.<\/p>\n<p>[\/et_pb_text][\/et_pb_column][\/et_pb_row][\/et_pb_section][et_pb_section fb_built=\u00bb1&#8243; inner_shadow=\u00bbon\u00bb fullwidth=\u00bbon\u00bb _builder_version=\u00bb3.22&#8243; background_color=\u00bb#f7d900&#8243;][et_pb_fullwidth_header button_one_text=\u00bbVisitar web de Mentoraes\u00bb button_one_url=\u00bbhttp:\/\/mentoraes.com\u00bb content_max_width=\u00bbnone\u00bb module_class=\u00bbmentoraes-web\u00bb _builder_version=\u00bb4.6.0&#8243; background_color=\u00bb#f5f5f5&#8243; background_layout=\u00bblight\u00bb custom_margin=\u00bb0px||0px||false|false\u00bb custom_padding=\u00bb0px||50px||false|false\u00bb hover_enabled=\u00bb0&#8243; button_one_letter_spacing_hover=\u00bb0&#8243; button_two_letter_spacing_hover=\u00bb0&#8243; button_one_text_size__hover_enabled=\u00bboff\u00bb button_two_text_size__hover_enabled=\u00bboff\u00bb button_one_text_color__hover_enabled=\u00bboff\u00bb button_two_text_color__hover_enabled=\u00bboff\u00bb button_one_border_width__hover_enabled=\u00bboff\u00bb button_two_border_width__hover_enabled=\u00bboff\u00bb button_one_border_color__hover_enabled=\u00bboff\u00bb button_two_border_color__hover_enabled=\u00bboff\u00bb button_one_border_radius__hover_enabled=\u00bboff\u00bb button_two_border_radius__hover_enabled=\u00bboff\u00bb button_one_letter_spacing__hover_enabled=\u00bbon\u00bb button_one_letter_spacing__hover=\u00bb0&#8243; button_two_letter_spacing__hover_enabled=\u00bbon\u00bb button_two_letter_spacing__hover=\u00bb0&#8243; button_one_bg_color__hover_enabled=\u00bboff\u00bb button_two_bg_color__hover_enabled=\u00bboff\u00bb sticky_enabled=\u00bb0&#8243;][\/et_pb_fullwidth_header][\/et_pb_section][et_pb_section fb_built=\u00bb1&#8243; _builder_version=\u00bb3.22&#8243; background_color=\u00bb#ffffff\u00bb][et_pb_row column_structure=\u00bb1_2,1_2&#8243; _builder_version=\u00bb3.25&#8243; background_size=\u00bbinitial\u00bb background_position=\u00bbtop_left\u00bb background_repeat=\u00bbrepeat\u00bb][et_pb_column type=\u00bb1_2&#8243; _builder_version=\u00bb3.25&#8243; custom_padding=\u00bb|||\u00bb custom_padding__hover=\u00bb|||\u00bb][et_pb_text _builder_version=\u00bb3.27.4&#8243;]<strong>Contacto<\/strong>:<br \/>\nestela carbonell &amp; associats<br \/>\nc\/ Cal Gabatx s\/n<br \/>\n08520 \u00b7 Les Franqueses del Vall\u00e8s<br \/>\nTel. +34 93 840 43 15<br \/>\n[\/et_pb_text][\/et_pb_column][et_pb_column type=\u00bb1_2&#8243; _builder_version=\u00bb3.25&#8243; custom_padding=\u00bb|||\u00bb custom_padding__hover=\u00bb|||\u00bb][et_pb_contact_form use_spam_service=\u00bbon\u00bb recaptcha_list=\u00bbDefault-0&#8243; email=\u00bbmestela@estela-associats.com\u00bb custom_message=\u00bbS&#8217;ha enviat un nou formulari des de la web estela-carbonell.com||et_pb_line_break_holder|| ||et_pb_line_break_holder||NOM: %%Name%%||et_pb_line_break_holder||EMAIL: %%Email%%||et_pb_line_break_holder||MISSATGE: %%Message%%\u00bb success_message=\u00bbMensaje enviado correctamente.\u00bb submit_button_text=\u00bbEnviar\u00bb module_id=\u00bbet_pb_contact_form_0&#8243; _builder_version=\u00bb4.6.0&#8243; border_radii=\u00bbon|0px|0px|0px|0px\u00bb border_style=\u00bbsolid\u00bb input_border_radius=\u00bb0&#8243; button_letter_spacing_hover=\u00bb0&#8243;][et_pb_contact_field field_id=\u00bbName\u00bb field_title=\u00bbNombre\u00bb _builder_version=\u00bb3.16&#8243; form_field_font=\u00bb||||\u00bb use_border_color=\u00bboff\u00bb button_text_size__hover_enabled=\u00bboff\u00bb button_one_text_size__hover_enabled=\u00bboff\u00bb button_two_text_size__hover_enabled=\u00bboff\u00bb button_text_color__hover_enabled=\u00bboff\u00bb button_one_text_color__hover_enabled=\u00bboff\u00bb button_two_text_color__hover_enabled=\u00bboff\u00bb button_border_width__hover_enabled=\u00bboff\u00bb button_one_border_width__hover_enabled=\u00bboff\u00bb button_two_border_width__hover_enabled=\u00bboff\u00bb button_border_color__hover_enabled=\u00bboff\u00bb button_one_border_color__hover_enabled=\u00bboff\u00bb button_two_border_color__hover_enabled=\u00bboff\u00bb button_border_radius__hover_enabled=\u00bboff\u00bb button_one_border_radius__hover_enabled=\u00bboff\u00bb button_two_border_radius__hover_enabled=\u00bboff\u00bb button_letter_spacing__hover_enabled=\u00bboff\u00bb button_one_letter_spacing__hover_enabled=\u00bboff\u00bb button_two_letter_spacing__hover_enabled=\u00bboff\u00bb button_bg_color__hover_enabled=\u00bboff\u00bb button_one_bg_color__hover_enabled=\u00bboff\u00bb button_two_bg_color__hover_enabled=\u00bboff\u00bb][\/et_pb_contact_field][et_pb_contact_field field_id=\u00bbEmail\u00bb field_title=\u00bbE-mail\u00bb field_type=\u00bbemail\u00bb _builder_version=\u00bb3.16&#8243; form_field_font=\u00bb||||\u00bb use_border_color=\u00bboff\u00bb button_text_size__hover_enabled=\u00bboff\u00bb button_one_text_size__hover_enabled=\u00bboff\u00bb button_two_text_size__hover_enabled=\u00bboff\u00bb button_text_color__hover_enabled=\u00bboff\u00bb button_one_text_color__hover_enabled=\u00bboff\u00bb button_two_text_color__hover_enabled=\u00bboff\u00bb button_border_width__hover_enabled=\u00bboff\u00bb button_one_border_width__hover_enabled=\u00bboff\u00bb button_two_border_width__hover_enabled=\u00bboff\u00bb button_border_color__hover_enabled=\u00bboff\u00bb button_one_border_color__hover_enabled=\u00bboff\u00bb button_two_border_color__hover_enabled=\u00bboff\u00bb button_border_radius__hover_enabled=\u00bboff\u00bb button_one_border_radius__hover_enabled=\u00bboff\u00bb button_two_border_radius__hover_enabled=\u00bboff\u00bb button_letter_spacing__hover_enabled=\u00bboff\u00bb button_one_letter_spacing__hover_enabled=\u00bboff\u00bb button_two_letter_spacing__hover_enabled=\u00bboff\u00bb button_bg_color__hover_enabled=\u00bboff\u00bb button_one_bg_color__hover_enabled=\u00bboff\u00bb button_two_bg_color__hover_enabled=\u00bboff\u00bb][\/et_pb_contact_field][et_pb_contact_field field_id=\u00bbMessage\u00bb field_title=\u00bbMensaje\u00bb field_type=\u00bbtext\u00bb fullwidth_field=\u00bbon\u00bb _builder_version=\u00bb3.16&#8243; form_field_font=\u00bb||||\u00bb use_border_color=\u00bboff\u00bb button_text_size__hover_enabled=\u00bboff\u00bb button_one_text_size__hover_enabled=\u00bboff\u00bb button_two_text_size__hover_enabled=\u00bboff\u00bb button_text_color__hover_enabled=\u00bboff\u00bb button_one_text_color__hover_enabled=\u00bboff\u00bb button_two_text_color__hover_enabled=\u00bboff\u00bb button_border_width__hover_enabled=\u00bboff\u00bb button_one_border_width__hover_enabled=\u00bboff\u00bb button_two_border_width__hover_enabled=\u00bboff\u00bb button_border_color__hover_enabled=\u00bboff\u00bb button_one_border_color__hover_enabled=\u00bboff\u00bb button_two_border_color__hover_enabled=\u00bboff\u00bb button_border_radius__hover_enabled=\u00bboff\u00bb button_one_border_radius__hover_enabled=\u00bboff\u00bb button_two_border_radius__hover_enabled=\u00bboff\u00bb button_letter_spacing__hover_enabled=\u00bboff\u00bb button_one_letter_spacing__hover_enabled=\u00bboff\u00bb button_two_letter_spacing__hover_enabled=\u00bboff\u00bb button_bg_color__hover_enabled=\u00bboff\u00bb button_one_bg_color__hover_enabled=\u00bboff\u00bb button_two_bg_color__hover_enabled=\u00bboff\u00bb][\/et_pb_contact_field][\/et_pb_contact_form][\/et_pb_column][\/et_pb_row][\/et_pb_section][et_pb_section fb_built=\u00bb1&#8243; module_id=\u00bbpie-pagina\u00bb _builder_version=\u00bb3.22&#8243;][et_pb_row module_class=\u00bbfooter-int\u00bb _builder_version=\u00bb3.25&#8243;][et_pb_column type=\u00bb4_4&#8243; _builder_version=\u00bb3.25&#8243; background_position=\u00bbtop_left\u00bb custom_padding=\u00bb|||\u00bb custom_padding__hover=\u00bb|||\u00bb][et_pb_text _builder_version=\u00bb3.27.4&#8243;]C\/ Cal Gabatx s\/n \u00b7 08520 LES FRANQUESES DEL VALL\u00c8S \u00b7 Barcelona (Spain) \u00b7 Tel. +34 93 840 43 15<br \/>\n[\/et_pb_text][\/et_pb_column][\/et_pb_row][\/et_pb_section]<\/p>\n","protected":false},"excerpt":{"rendered":"<p>Conoce nuestro equipo de Business Mentors y Executive Coach por especialidad: Montse Estela Carbonell Business Mentoring Consejera Advisor en Consejos de Administraci\u00f3n PDG (Direcci\u00f3n General) &#8211; IESE Business School MIB Master of International Business, ESCI-UPF Ampliar perfil profesional Puri Mart\u00ednez Executive Coach Certified, ICF CEO &amp; Founder Sensalia Economista, UB Master PNL Ampliar perfil profesional [&hellip;]<\/p>\n","protected":false},"author":1,"featured_media":0,"parent":0,"menu_order":0,"comment_status":"closed","ping_status":"closed","template":"","meta":{"_et_pb_use_builder":"on","_et_pb_old_content":"","_et_gb_content_width":"","footnotes":""},"_links":{"self":[{"href":"https:\/\/estela-carbonell.com\/es\/wp-json\/wp\/v2\/pages\/123"}],"collection":[{"href":"https:\/\/estela-carbonell.com\/es\/wp-json\/wp\/v2\/pages"}],"about":[{"href":"https:\/\/estela-carbonell.com\/es\/wp-json\/wp\/v2\/types\/page"}],"author":[{"embeddable":true,"href":"https:\/\/estela-carbonell.com\/es\/wp-json\/wp\/v2\/users\/1"}],"replies":[{"embeddable":true,"href":"https:\/\/estela-carbonell.com\/es\/wp-json\/wp\/v2\/comments?post=123"}],"version-history":[{"count":24,"href":"https:\/\/estela-carbonell.com\/es\/wp-json\/wp\/v2\/pages\/123\/revisions"}],"predecessor-version":[{"id":262,"href":"https:\/\/estela-carbonell.com\/es\/wp-json\/wp\/v2\/pages\/123\/revisions\/262"}],"wp:attachment":[{"href":"https:\/\/estela-carbonell.com\/es\/wp-json\/wp\/v2\/media?parent=123"}],"curies":[{"name":"wp","href":"https:\/\/api.w.org\/{rel}","templated":true}]}}